{"id":3597,"date":"2024-02-12T13:45:21","date_gmt":"2024-02-12T18:45:21","guid":{"rendered":"https:\/\/cdrhpnq-fnhrdcq.ca\/?page_id=3597"},"modified":"2024-02-29T11:59:01","modified_gmt":"2024-02-29T16:59:01","slug":"forum-regional-premieres-nations-et-inuits-outaouais-2024","status":"publish","type":"page","link":"https:\/\/cdrhpnq-fnhrdcq.ca\/en\/fnhrdqc-homme\/forum-regional-premieres-nations-et-inuits-outaouais-2024\/","title":{"rendered":"First Nations and Inuit Regional Forum Outaouais 2024"},"content":{"rendered":"\n<div style=\"height:35px\" aria-hidden=\"true\" class=\"wp-block-spacer\"><\/div>\n\n\n<div class=\"wp-block-image animated fadeIn is-style-rounded delay-200ms slow\">\n<figure data-wp-context=\"{&quot;imageId&quot;:&quot;69e89fc6cc4b9&quot;}\" data-wp-interactive=\"core\/image\" class=\"aligncenter size-full is-resized wp-lightbox-container\" id=\"wp-block-themeisle-blocks-image-b4ec5ab8\"><img loading=\"lazy\" decoding=\"async\" width=\"2025\" height=\"1125\" data-wp-class--hide=\"state.isContentHidden\" data-wp-class--show=\"state.isContentVisible\" data-wp-init=\"callbacks.setButtonStyles\" data-wp-on-async--click=\"actions.showLightbox\" data-wp-on-async--load=\"callbacks.setButtonStyles\" data-wp-on-async-window--resize=\"callbacks.setButtonStyles\" src=\"https:\/\/cdrhpnq-fnhrdcq.ca\/wp-content\/uploads\/2024\/02\/394629884_314226717984176_1781745437942950122_n-1.jpg\" alt=\"\" class=\"wp-image-3570\" style=\"width:900px\" srcset=\"https:\/\/cdrhpnq-fnhrdcq.ca\/wp-content\/uploads\/2024\/02\/394629884_314226717984176_1781745437942950122_n-1.jpg 2025w, https:\/\/cdrhpnq-fnhrdcq.ca\/wp-content\/uploads\/2024\/02\/394629884_314226717984176_1781745437942950122_n-1-300x167.jpg 300w, https:\/\/cdrhpnq-fnhrdcq.ca\/wp-content\/uploads\/2024\/02\/394629884_314226717984176_1781745437942950122_n-1-1024x569.jpg 1024w, https:\/\/cdrhpnq-fnhrdcq.ca\/wp-content\/uploads\/2024\/02\/394629884_314226717984176_1781745437942950122_n-1-768x427.jpg 768w, https:\/\/cdrhpnq-fnhrdcq.ca\/wp-content\/uploads\/2024\/02\/394629884_314226717984176_1781745437942950122_n-1-1536x853.jpg 1536w, https:\/\/cdrhpnq-fnhrdcq.ca\/wp-content\/uploads\/2024\/02\/394629884_314226717984176_1781745437942950122_n-1-2000x1111.jpg 2000w\" sizes=\"auto, (max-width: 2025px) 100vw, 2025px\" \/><button\n\t\t\tclass=\"lightbox-trigger\"\n\t\t\ttype=\"button\"\n\t\t\taria-haspopup=\"dialog\"\n\t\t\taria-label=\"Enlarge\"\n\t\t\tdata-wp-init=\"callbacks.initTriggerButton\"\n\t\t\tdata-wp-on-async--click=\"actions.showLightbox\"\n\t\t\tdata-wp-style--right=\"state.imageButtonRight\"\n\t\t\tdata-wp-style--top=\"state.imageButtonTop\"\n\t\t>\n\t\t\t<svg xmlns=\"http:\/\/www.w3.org\/2000\/svg\" width=\"12\" height=\"12\" fill=\"none\" viewBox=\"0 0 12 12\">\n\t\t\t\t<path fill=\"#fff\" d=\"M2 0a2 2 0 0 0-2 2v2h1.5V2a.5.5 0 0 1 .5-.5h2V0H2Zm2 10.5H2a.5.5 0 0 1-.5-.5V8H0v2a2 2 0 0 0 2 2h2v-1.5ZM8 12v-1.5h2a.5.5 0 0 0 .5-.5V8H12v2a2 2 0 0 1-2 2H8Zm2-12a2 2 0 0 1 2 2v2h-1.5V2a.5.5 0 0 0-.5-.5H8V0h2Z\" \/>\n\t\t\t<\/svg>\n\t\t<\/button><\/figure><\/div>\n\n\n<div style=\"height:35px\" aria-hidden=\"true\" class=\"wp-block-spacer\"><\/div>\n\n\n\n<div class=\"wp-block-group two-cols-blocks\"><div class=\"wp-block-group__inner-container is-layout-constrained wp-block-group-is-layout-constrained\">\n<div class=\"wp-block-columns animated fadeIn delay-100ms is-layout-flex wp-container-core-columns-is-layout-9d6595d7 wp-block-columns-is-layout-flex\">\n<div class=\"wp-block-column two-cols-blocks__image is-layout-flow wp-block-column-is-layout-flow\">\n<div class=\"wp-block-cover has-custom-content-position is-position-top-left\" style=\"min-height:470px;aspect-ratio:unset;\"><span aria-hidden=\"true\" class=\"wp-block-cover__background has-green-300-background-color has-background-dim\"><\/span><img loading=\"lazy\" decoding=\"async\" width=\"2997\" height=\"1900\" class=\"wp-block-cover__image-background wp-image-1554\" alt=\"D\u00e9couvrez le Forum r\u00e9gional Premi\u00e8res Nations et Inuits Outaouais 2024, un \u00e9v\u00e9nement majeur centr\u00e9 sur l'employabilit\u00e9 autochtone. Une plateforme unique pour approfondir les relations professionnelles durables \u00e0 Gatineau\" src=\"https:\/\/cdrhpnq-fnhrdcq.ca\/wp-content\/uploads\/2023\/05\/forest-1950402.jpg\" data-object-fit=\"cover\" srcset=\"https:\/\/cdrhpnq-fnhrdcq.ca\/wp-content\/uploads\/2023\/05\/forest-1950402.jpg 2997w, https:\/\/cdrhpnq-fnhrdcq.ca\/wp-content\/uploads\/2023\/05\/forest-1950402-300x190.jpg 300w, https:\/\/cdrhpnq-fnhrdcq.ca\/wp-content\/uploads\/2023\/05\/forest-1950402-1024x649.jpg 1024w, https:\/\/cdrhpnq-fnhrdcq.ca\/wp-content\/uploads\/2023\/05\/forest-1950402-768x487.jpg 768w, https:\/\/cdrhpnq-fnhrdcq.ca\/wp-content\/uploads\/2023\/05\/forest-1950402-1536x974.jpg 1536w, https:\/\/cdrhpnq-fnhrdcq.ca\/wp-content\/uploads\/2023\/05\/forest-1950402-2000x1268.jpg 2000w\" sizes=\"auto, (max-width: 2997px) 100vw, 2997px\" \/><div class=\"wp-block-cover__inner-container is-layout-flow wp-block-cover-is-layout-flow\">\n<p class=\"has-text-align-center has-large-font-size\"><\/p>\n<\/div><\/div>\n<\/div>\n\n\n\n<div class=\"wp-block-column two-cols-blocks__text has-background is-layout-flow wp-block-column-is-layout-flow\" style=\"background:linear-gradient(135deg,rgb(242,195,115) 0%,rgb(246,227,185) 100%);flex-basis:700px\">\n<h2 class=\"wp-block-heading has-text-align-left\" id=\"h-first-nations-and-inuit-regional-forum-outaouais-2024\" style=\"font-size:32px;font-style:normal;font-weight:800\">First Nations and Inuit Regional Forum Outaouais 2024<\/h2>\n\n\n\n<p class=\"has-x-large-font-size\">Plunge into the heart of the First Nations and Inuit Regional Forum Outaouais 2024, a crossroads of innovation and collaboration under the evocative theme &#8220;Unite and invest to succeed&#8221;. This exceptional event, orchestrated by the First Nations Human Resources Development Commission of Quebec, is an invitation to explore the horizons of Aboriginal employability and celebrate the significant contributions of First Nations and Inuit to society and the labour market.<\/p>\n\n\n\n<p class=\"has-x-large-font-size\">By bringing together visionary thinkers, community leaders, innovative entrepreneurs and committed professionals, the forum aims to catalyze a collective movement towards a future where cultural diversity and shared knowledge enrich the socio-economic fabric of our society.<\/p>\n<\/div>\n<\/div>\n<\/div><\/div>\n\n\n\n<div style=\"height:35px\" aria-hidden=\"true\" class=\"wp-block-spacer\"><\/div>\n\n\n\n<div class=\"wp-block-group text-bg-color animated fadeIn delay-200ms has-background\" style=\"background:linear-gradient(135deg,rgb(246,227,185) 0%,rgb(246,227,185) 100%)\"><div class=\"wp-block-group__inner-container is-layout-constrained wp-block-group-is-layout-constrained\">\n<p class=\"has-text-align-left has-x-large-font-size\">More than just a conference, the forum is a mosaic of opportunities, weaving together enriching workshops, lectures and poignant testimonials. Each session is designed to enlighten, educate and inspire, offering unique perspectives on the challenges and successes of Aboriginal professional integration.<\/p>\n<\/div><\/div>\n\n\n\n<div id=\"wp-block-themeisle-blocks-advanced-columns-4430594b\" class=\"wp-block-themeisle-blocks-advanced-columns has-1-columns has-desktop-oneTwo-layout has-tablet-equal-layout has-mobile-collapsedRows-layout has-vertical-unset\"><div class=\"wp-block-themeisle-blocks-advanced-columns-overlay\"><\/div><div class=\"innerblocks-wrap\">\n<div id=\"wp-block-themeisle-blocks-advanced-column-d182c823\" class=\"wp-block-themeisle-blocks-advanced-column\"><\/div>\n<\/div><\/div>\n\n\n\n<div style=\"height:35px\" aria-hidden=\"true\" class=\"wp-block-spacer\"><\/div>\n\n\n\n<div class=\"wp-block-group text-bg-color animated fadeIn delay-1s has-yellow-200-background-color has-background\"><div class=\"wp-block-group__inner-container is-layout-constrained wp-block-group-is-layout-constrained\">\n<h2 class=\"wp-block-heading has-text-align-center\" id=\"h-important-information\" style=\"font-size:55px\"><strong>Important Information<\/strong><\/h2>\n\n\n\n<p class=\"has-x-large-font-size\"><strong>Dates:<\/strong> March 13 and 14, 2024<br><strong>Location:<\/strong> Ch\u00e2teau Cartier Hotel Resort, Gatineau<br><strong>Broadcast:<\/strong> Simultaneous on <a href=\"https:\/\/www.youtube.com\/@cdrhpnqfnhrdcq\" target=\"_blank\" rel=\"noreferrer noopener\">YouTube<\/a><\/p>\n\n\n\n<div id=\"wp-block-themeisle-blocks-countdown-ef32d544\" data-date=\"2024-03-06T11:39:41\" data-bhv=\"hide\" data-on-end-action=\"all\" class=\"wp-block-themeisle-blocks-countdown animated fadeIn\"><div class=\"otter-countdown__container\"><div class=\"otter-countdown__display\"><div name=\"day\" class=\"otter-countdown__display-area is-main-component\"><div class=\"otter-countdown__value\">0<\/div><div class=\"otter-countdown__label\">Day<\/div><\/div><div name=\"hour\" class=\"otter-countdown__display-area is-main-component\"><div class=\"otter-countdown__value\">0<\/div><div class=\"otter-countdown__label\">Hour<\/div><\/div><div name=\"minute\" class=\"otter-countdown__display-area is-main-component\"><div class=\"otter-countdown__value\">0<\/div><div class=\"otter-countdown__label\">Minute<\/div><\/div><div name=\"second\" class=\"otter-countdown__display-area is-main-component\"><div class=\"otter-countdown__value\">0<\/div><div class=\"otter-countdown__label\">Second<\/div><\/div><\/div><\/div><\/div>\n<\/div><\/div>\n\n\n\n<div style=\"height:35px\" aria-hidden=\"true\" class=\"wp-block-spacer\"><\/div>\n\n\n\n<div class=\"wp-block-group text-bg-color animated fadeIn delay-500ms has-background\" style=\"background:linear-gradient(135deg,rgb(246,227,185) 0%,rgb(242,195,115) 100%)\"><div class=\"wp-block-group__inner-container is-layout-constrained wp-block-group-is-layout-constrained\">\n<p class=\"has-x-large-font-size\">Together, let&#8217;s explore how we can all contribute to<br>an inclusive, respectful and prosperous business ecosystem,<br>where everyone, whatever their background, has the opportunity<br>to thrive and succeed.<\/p>\n<\/div><\/div>\n\n\n\n<div style=\"height:35px\" aria-hidden=\"true\" class=\"wp-block-spacer\"><\/div>\n\n\n\n<div id=\"wp-block-themeisle-blocks-advanced-columns-2c60bc77\" class=\"wp-block-themeisle-blocks-advanced-columns alignfull has-1-columns has-desktop-equal-layout has-tablet-equal-layout has-mobile-collapsedRows-layout has-reverse-columns-mobile has-vertical-center ticss-c00aadba animated fadeIn delay-500ms\"><div class=\"wp-block-themeisle-blocks-advanced-columns-overlay\"><\/div><div class=\"innerblocks-wrap\">\n<div id=\"wp-block-themeisle-blocks-advanced-column-75b9263d\" class=\"wp-block-themeisle-blocks-advanced-column\">\n<h1 id=\"wp-block-themeisle-blocks-advanced-heading-5d5675df\" class=\"wp-block-themeisle-blocks-advanced-heading wp-block-themeisle-blocks-advanced-heading-5d5675df\">Join us<\/h1>\n\n\n\n<div class=\"wp-block-buttons is-content-justification-center is-layout-flex wp-container-core-buttons-is-layout-16018d1d wp-block-buttons-is-layout-flex\">\n<div class=\"wp-block-button is-style-fill\"><a class=\"wp-block-button__link has-grey-200-background-color has-background wp-element-button\" href=\"https:\/\/www.facebook.com\/cdrhpnqfnhrdcq\/\" target=\"_blank\" rel=\"noreferrer noopener\">Join our Facebook page<\/a><\/div>\n<\/div>\n<\/div>\n<\/div><\/div>\n\n\n\n<div style=\"height:35px\" aria-hidden=\"true\" class=\"wp-block-spacer\"><\/div>\n\n\n<div class=\"aligncenter is-style-icons animated fadeIn delay-500ms wp-block-themeisle-blocks-sharing-icons\" id=\"wp-block-themeisle-blocks-sharing-icons-1c0444dc\"><div class=\"social-icons-wrap\"><a class=\"social-icon is-facebook\" aria-label=\"Share on Facebook\" href=\"https:\/\/www.facebook.com\/sharer\/sharer.php?u=https:\/\/cdrhpnq-fnhrdcq.ca\/en\/wp-json\/wp\/v2\/pages\/3597&#038;title=First%20Nations%20and%20Inuit%20Regional%20Forum%20Outaouais%202024\" target=\"_blank\"><svg aria-hidden=\"true\" xmlns=\"http:\/\/www.w3.org\/2000\/svg\" viewBox=\"0 0 512 512\"><!--!Font Awesome Free 6.6.0 by @fontawesome - https:\/\/fontawesome.com License - https:\/\/fontawesome.com\/license\/free Copyright 2024 Fonticons, Inc.--><path d=\"M512 256C512 114.6 397.4 0 256 0S0 114.6 0 256C0 376 82.7 476.8 194.2 504.5V334.2H141.4V256h52.8V222.3c0-87.1 39.4-127.5 125-127.5c16.2 0 44.2 3.2 55.7 6.4V172c-6-.6-16.5-1-29.6-1c-42 0-58.2 15.9-58.2 57.2V256h83.6l-14.4 78.2H287V510.1C413.8 494.8 512 386.9 512 256h0z\"\/><\/svg><span class=\"v-line\"><\/span><\/a><a class=\"social-icon is-linkedin\" aria-label=\"Share on LinkedIn\" href=\"https:\/\/www.linkedin.com\/shareArticle?mini=true&#038;url=https:\/\/cdrhpnq-fnhrdcq.ca\/en\/wp-json\/wp\/v2\/pages\/3597&#038;title=First%20Nations%20and%20Inuit%20Regional%20Forum%20Outaouais%202024\" target=\"_blank\"><svg aria-hidden=\"true\" xmlns=\"http:\/\/www.w3.org\/2000\/svg\" viewBox=\"0 0 448 512\"><!--!Font Awesome Free 6.6.0 by @fontawesome - https:\/\/fontawesome.com License - https:\/\/fontawesome.com\/license\/free Copyright 2024 Fonticons, Inc.--><path d=\"M100.3 448H7.4V148.9h92.9zM53.8 108.1C24.1 108.1 0 83.5 0 53.8a53.8 53.8 0 0 1 107.6 0c0 29.7-24.1 54.3-53.8 54.3zM447.9 448h-92.7V302.4c0-34.7-.7-79.2-48.3-79.2-48.3 0-55.7 37.7-55.7 76.7V448h-92.8V148.9h89.1v40.8h1.3c12.4-23.5 42.7-48.3 87.9-48.3 94 0 111.3 61.9 111.3 142.3V448z\"\/><\/svg><span class=\"v-line\"><\/span><\/a><a class=\"social-icon is-email\" aria-label=\"Share via Email\" href=\"mailto:?subject=First%20Nations%20and%20Inuit%20Regional%20Forum%20Outaouais%202024&#038;body=https:\/\/cdrhpnq-fnhrdcq.ca\/en\/wp-json\/wp\/v2\/pages\/3597\" target=\"_blank\"><svg aria-hidden=\"true\" xmlns=\"http:\/\/www.w3.org\/2000\/svg\" viewBox=\"0 0 512 512\"><!--!Font Awesome Free 6.6.0 by @fontawesome - https:\/\/fontawesome.com License - https:\/\/fontawesome.com\/license\/free Copyright 2024 Fonticons, Inc.--><path d=\"M48 64C21.5 64 0 85.5 0 112c0 15.1 7.1 29.3 19.2 38.4L236.8 313.6c11.4 8.5 27 8.5 38.4 0L492.8 150.4c12.1-9.1 19.2-23.3 19.2-38.4c0-26.5-21.5-48-48-48L48 64zM0 176L0 384c0 35.3 28.7 64 64 64l384 0c35.3 0 64-28.7 64-64l0-208L294.4 339.2c-22.8 17.1-54 17.1-76.8 0L0 176z\"\/><\/svg><span class=\"v-line\"><\/span><\/a><a class=\"social-icon is-comments\" aria-label=\"Leave a comment\" href=\"#respond\"><svg aria-hidden=\"true\" xmlns=\"http:\/\/www.w3.org\/2000\/svg\" viewBox=\"0 0 640 512\"><!--!Font Awesome Free 6.6.0 by @fontawesome - https:\/\/fontawesome.com License - https:\/\/fontawesome.com\/license\/free Copyright 2024 Fonticons, Inc.--><path d=\"M88.2 309.1c9.8-18.3 6.8-40.8-7.5-55.8C59.4 230.9 48 204 48 176c0-63.5 63.8-128 160-128s160 64.5 160 128s-63.8 128-160 128c-13.1 0-25.8-1.3-37.8-3.6c-10.4-2-21.2-.6-30.7 4.2c-4.1 2.1-8.3 4.1-12.6 6c-16 7.2-32.9 13.5-49.9 18c2.8-4.6 5.4-9.1 7.9-13.6c1.1-1.9 2.2-3.9 3.2-5.9zM208 352c114.9 0 208-78.8 208-176S322.9 0 208 0S0 78.8 0 176c0 41.8 17.2 80.1 45.9 110.3c-.9 1.7-1.9 3.5-2.8 5.1c-10.3 18.4-22.3 36.5-36.6 52.1c-6.6 7-8.3 17.2-4.6 25.9C5.8 378.3 14.4 384 24 384c43 0 86.5-13.3 122.7-29.7c4.8-2.2 9.6-4.5 14.2-6.8c15.1 3 30.9 4.5 47.1 4.5zM432 480c16.2 0 31.9-1.6 47.1-4.5c4.6 2.3 9.4 4.6 14.2 6.8C529.5 498.7 573 512 616 512c9.6 0 18.2-5.7 22-14.5c3.8-8.8 2-19-4.6-25.9c-14.2-15.6-26.2-33.7-36.6-52.1c-.9-1.7-1.9-3.4-2.8-5.1C622.8 384.1 640 345.8 640 304c0-94.4-87.9-171.5-198.2-175.8c4.1 15.2 6.2 31.2 6.2 47.8l0 .6c87.2 6.7 144 67.5 144 127.4c0 28-11.4 54.9-32.7 77.2c-14.3 15-17.3 37.6-7.5 55.8c1.1 2 2.2 4 3.2 5.9c2.5 4.5 5.2 9 7.9 13.6c-17-4.5-33.9-10.7-49.9-18c-4.3-1.9-8.5-3.9-12.6-6c-9.5-4.8-20.3-6.2-30.7-4.2c-12.1 2.4-24.8 3.6-37.8 3.6c-61.7 0-110-26.5-136.8-62.3c-16 5.4-32.8 9.4-50 11.8C279 439.8 350 480 432 480z\"\/><\/svg><span class=\"v-line\"><\/span><\/a><\/div><\/div><style type=\"text\/css\">#wp-block-themeisle-blocks-sharing-icons-1c0444dc {--icons-gap: 8.8px;--border-radius: 32.8px;}<\/style>\n\n\n<div id=\"wp-block-themeisle-blocks-advanced-columns-ff19aeb4\" class=\"wp-block-themeisle-blocks-advanced-columns has-0-columns has-desktop-undefined-layout has-tablet-equal-layout has-mobile-equal-layout has-vertical-unset\"><div class=\"wp-block-themeisle-blocks-advanced-columns-overlay\"><\/div><div class=\"innerblocks-wrap\"><\/div><\/div>\n","protected":false},"excerpt":{"rendered":"<p>First Nations and Inuit Regional Forum Outaouais 2024 Plunge into the heart of the First Nations and Inuit Regional Forum Outaouais 2024, a crossroads of innovation and collaboration under the evocative theme &#8220;Unite and invest to succeed&#8221;. This exceptional event, orchestrated by the First Nations Human Resources Development Commission of Quebec, is an invitation to [&hellip;]<\/p>\n","protected":false},"author":11,"featured_media":3571,"parent":163,"menu_order":0,"comment_status":"closed","ping_status":"closed","template":"","meta":{"_acf_changed":false,"_themeisle_gutenberg_block_has_review":false,"footnotes":""},"class_list":["post-3597","page","type-page","status-publish","has-post-thumbnail","hentry"],"acf":[],"yoast_head":"<!-- This site is optimized with the Yoast SEO Premium plugin v27.1 (Yoast SEO v27.4) - https:\/\/yoast.com\/product\/yoast-seo-premium-wordpress\/ -->\n<title>First Nations and Inuit Regional Forum Outaouais 2024<\/title>\n<meta name=\"description\" content=\"FNHRDCQ : Discover the First Nations and Inuit Outaouais 2024 Reginal Forum, an event focused on Aboriginal employability.\" \/>\n<meta name=\"robots\" content=\"index, follow, max-snippet:-1, max-image-preview:large, max-video-preview:-1\" \/>\n<link rel=\"canonical\" href=\"https:\/\/cdrhpnq-fnhrdcq.ca\/en\/fnhrdqc-homme\/forum-regional-premieres-nations-et-inuits-outaouais-2024\/\" \/>\n<meta property=\"og:locale\" content=\"en_US\" \/>\n<meta property=\"og:type\" content=\"article\" \/>\n<meta property=\"og:title\" content=\"First Nations and Inuit Regional Forum Outaouais 2024\" \/>\n<meta property=\"og:description\" content=\"FNHRDCQ : Discover the First Nations and Inuit Outaouais 2024 Reginal Forum, an event focused on Aboriginal employability.\" \/>\n<meta property=\"og:url\" content=\"https:\/\/cdrhpnq-fnhrdcq.ca\/en\/fnhrdqc-homme\/forum-regional-premieres-nations-et-inuits-outaouais-2024\/\" \/>\n<meta property=\"og:site_name\" content=\"CDRHPNQ\" \/>\n<meta property=\"article:publisher\" content=\"https:\/\/www.facebook.com\/cdrhpnqfnhrdcq\" \/>\n<meta property=\"article:modified_time\" content=\"2024-02-29T16:59:01+00:00\" \/>\n<meta property=\"og:image\" content=\"https:\/\/cdrhpnq-fnhrdcq.ca\/wp-content\/uploads\/2024\/02\/394629884_314226717984176_1781745437942950122_n-1.jpg\" \/>\n\t<meta property=\"og:image:width\" content=\"2025\" \/>\n\t<meta property=\"og:image:height\" content=\"1125\" \/>\n\t<meta property=\"og:image:type\" content=\"image\/jpeg\" \/>\n<meta name=\"twitter:card\" content=\"summary_large_image\" \/>\n<meta name=\"twitter:label1\" content=\"Est. reading time\" \/>\n\t<meta name=\"twitter:data1\" content=\"2 minutes\" \/>\n<!-- \/ Yoast SEO Premium plugin. -->","yoast_head_json":{"title":"First Nations and Inuit Regional Forum Outaouais 2024","description":"FNHRDCQ : Discover the First Nations and Inuit Outaouais 2024 Reginal Forum, an event focused on Aboriginal employability.","robots":{"index":"index","follow":"follow","max-snippet":"max-snippet:-1","max-image-preview":"max-image-preview:large","max-video-preview":"max-video-preview:-1"},"canonical":"https:\/\/cdrhpnq-fnhrdcq.ca\/en\/fnhrdqc-homme\/forum-regional-premieres-nations-et-inuits-outaouais-2024\/","og_locale":"en_US","og_type":"article","og_title":"First Nations and Inuit Regional Forum Outaouais 2024","og_description":"FNHRDCQ : Discover the First Nations and Inuit Outaouais 2024 Reginal Forum, an event focused on Aboriginal employability.","og_url":"https:\/\/cdrhpnq-fnhrdcq.ca\/en\/fnhrdqc-homme\/forum-regional-premieres-nations-et-inuits-outaouais-2024\/","og_site_name":"CDRHPNQ","article_publisher":"https:\/\/www.facebook.com\/cdrhpnqfnhrdcq","article_modified_time":"2024-02-29T16:59:01+00:00","og_image":[{"width":2025,"height":1125,"url":"https:\/\/cdrhpnq-fnhrdcq.ca\/wp-content\/uploads\/2024\/02\/394629884_314226717984176_1781745437942950122_n-1.jpg","type":"image\/jpeg"}],"twitter_card":"summary_large_image","twitter_misc":{"Est. reading time":"2 minutes"},"schema":{"@context":"https:\/\/schema.org","@graph":[{"@type":"WebPage","@id":"https:\/\/cdrhpnq-fnhrdcq.ca\/en\/fnhrdqc-homme\/forum-regional-premieres-nations-et-inuits-outaouais-2024\/","url":"https:\/\/cdrhpnq-fnhrdcq.ca\/en\/fnhrdqc-homme\/forum-regional-premieres-nations-et-inuits-outaouais-2024\/","name":"First Nations and Inuit Regional Forum Outaouais 2024","isPartOf":{"@id":"https:\/\/cdrhpnq-fnhrdcq.ca\/#website"},"primaryImageOfPage":{"@id":"https:\/\/cdrhpnq-fnhrdcq.ca\/en\/fnhrdqc-homme\/forum-regional-premieres-nations-et-inuits-outaouais-2024\/#primaryimage"},"image":{"@id":"https:\/\/cdrhpnq-fnhrdcq.ca\/en\/fnhrdqc-homme\/forum-regional-premieres-nations-et-inuits-outaouais-2024\/#primaryimage"},"thumbnailUrl":"https:\/\/cdrhpnq-fnhrdcq.ca\/wp-content\/uploads\/2024\/02\/394629884_314226717984176_1781745437942950122_n-1.jpg","datePublished":"2024-02-12T18:45:21+00:00","dateModified":"2024-02-29T16:59:01+00:00","description":"FNHRDCQ : Discover the First Nations and Inuit Outaouais 2024 Reginal Forum, an event focused on Aboriginal employability.","breadcrumb":{"@id":"https:\/\/cdrhpnq-fnhrdcq.ca\/en\/fnhrdqc-homme\/forum-regional-premieres-nations-et-inuits-outaouais-2024\/#breadcrumb"},"inLanguage":"en-US","potentialAction":[{"@type":"ReadAction","target":["https:\/\/cdrhpnq-fnhrdcq.ca\/en\/fnhrdqc-homme\/forum-regional-premieres-nations-et-inuits-outaouais-2024\/"]}]},{"@type":"ImageObject","inLanguage":"en-US","@id":"https:\/\/cdrhpnq-fnhrdcq.ca\/en\/fnhrdqc-homme\/forum-regional-premieres-nations-et-inuits-outaouais-2024\/#primaryimage","url":"https:\/\/cdrhpnq-fnhrdcq.ca\/wp-content\/uploads\/2024\/02\/394629884_314226717984176_1781745437942950122_n-1.jpg","contentUrl":"https:\/\/cdrhpnq-fnhrdcq.ca\/wp-content\/uploads\/2024\/02\/394629884_314226717984176_1781745437942950122_n-1.jpg","width":2025,"height":1125},{"@type":"BreadcrumbList","@id":"https:\/\/cdrhpnq-fnhrdcq.ca\/en\/fnhrdqc-homme\/forum-regional-premieres-nations-et-inuits-outaouais-2024\/#breadcrumb","itemListElement":[{"@type":"ListItem","position":1,"name":"Accueil","item":"https:\/\/cdrhpnq-fnhrdcq.ca\/en\/"},{"@type":"ListItem","position":2,"name":"Home","item":"https:\/\/cdrhpnq-fnhrdcq.ca\/en\/"},{"@type":"ListItem","position":3,"name":"First Nations and Inuit Regional Forum Outaouais 2024"}]},{"@type":"WebSite","@id":"https:\/\/cdrhpnq-fnhrdcq.ca\/#website","url":"https:\/\/cdrhpnq-fnhrdcq.ca\/","name":"CDRHPNQ-FNRHPNQ","description":"","publisher":{"@id":"https:\/\/cdrhpnq-fnhrdcq.ca\/#organization"},"potentialAction":[{"@type":"SearchAction","target":{"@type":"EntryPoint","urlTemplate":"https:\/\/cdrhpnq-fnhrdcq.ca\/?s={search_term_string}"},"query-input":{"@type":"PropertyValueSpecification","valueRequired":true,"valueName":"search_term_string"}}],"inLanguage":"en-US"},{"@type":"Organization","@id":"https:\/\/cdrhpnq-fnhrdcq.ca\/#organization","name":"CDRHPNQ-FNRHPNQ","url":"https:\/\/cdrhpnq-fnhrdcq.ca\/","logo":{"@type":"ImageObject","inLanguage":"en-US","@id":"https:\/\/cdrhpnq-fnhrdcq.ca\/#\/schema\/logo\/image\/","url":"https:\/\/cdrhpnq-fnhrdcq.ca\/wp-content\/uploads\/2023\/04\/og_cdrhpnq.jpg","contentUrl":"https:\/\/cdrhpnq-fnhrdcq.ca\/wp-content\/uploads\/2023\/04\/og_cdrhpnq.jpg","width":1200,"height":630,"caption":"CDRHPNQ-FNRHPNQ"},"image":{"@id":"https:\/\/cdrhpnq-fnhrdcq.ca\/#\/schema\/logo\/image\/"},"sameAs":["https:\/\/www.facebook.com\/cdrhpnqfnhrdcq"]}]}},"_links":{"self":[{"href":"https:\/\/cdrhpnq-fnhrdcq.ca\/en\/wp-json\/wp\/v2\/pages\/3597","targetHints":{"allow":["GET"]}}],"collection":[{"href":"https:\/\/cdrhpnq-fnhrdcq.ca\/en\/wp-json\/wp\/v2\/pages"}],"about":[{"href":"https:\/\/cdrhpnq-fnhrdcq.ca\/en\/wp-json\/wp\/v2\/types\/page"}],"author":[{"embeddable":true,"href":"https:\/\/cdrhpnq-fnhrdcq.ca\/en\/wp-json\/wp\/v2\/users\/11"}],"replies":[{"embeddable":true,"href":"https:\/\/cdrhpnq-fnhrdcq.ca\/en\/wp-json\/wp\/v2\/comments?post=3597"}],"version-history":[{"count":3,"href":"https:\/\/cdrhpnq-fnhrdcq.ca\/en\/wp-json\/wp\/v2\/pages\/3597\/revisions"}],"predecessor-version":[{"id":4142,"href":"https:\/\/cdrhpnq-fnhrdcq.ca\/en\/wp-json\/wp\/v2\/pages\/3597\/revisions\/4142"}],"up":[{"embeddable":true,"href":"https:\/\/cdrhpnq-fnhrdcq.ca\/en\/wp-json\/wp\/v2\/pages\/163"}],"wp:featuredmedia":[{"embeddable":true,"href":"https:\/\/cdrhpnq-fnhrdcq.ca\/en\/wp-json\/wp\/v2\/media\/3571"}],"wp:attachment":[{"href":"https:\/\/cdrhpnq-fnhrdcq.ca\/en\/wp-json\/wp\/v2\/media?parent=3597"}],"curies":[{"name":"wp","href":"https:\/\/api.w.org\/{rel}","templated":true}]}}