{"id":3171,"date":"2023-04-06T14:53:46","date_gmt":"2023-04-06T18:53:46","guid":{"rendered":"https:\/\/cdrhpnq-fnhrdcq.ca\/rapports\/"},"modified":"2025-07-23T12:08:13","modified_gmt":"2025-07-23T16:08:13","slug":"rapports","status":"publish","type":"page","link":"https:\/\/cdrhpnq-fnhrdcq.ca\/en\/rapports\/","title":{"rendered":"Annual Reports"},"content":{"rendered":"<div class=\"wp-block-image is-style-default\">\n<figure class=\"aligncenter size-large is-resized\"><img loading=\"lazy\" decoding=\"async\" width=\"1024\" height=\"653\" src=\"https:\/\/cdrhpnq-fnhrdcq.ca\/wp-content\/uploads\/2023\/12\/52-2-1024x653.png\" alt=\"\" class=\"wp-image-3068\" style=\"aspect-ratio:1.5681470137825422;width:58px;height:auto\" srcset=\"https:\/\/cdrhpnq-fnhrdcq.ca\/wp-content\/uploads\/2023\/12\/52-2-1024x653.png 1024w, https:\/\/cdrhpnq-fnhrdcq.ca\/wp-content\/uploads\/2023\/12\/52-2-300x191.png 300w, https:\/\/cdrhpnq-fnhrdcq.ca\/wp-content\/uploads\/2023\/12\/52-2-768x489.png 768w, https:\/\/cdrhpnq-fnhrdcq.ca\/wp-content\/uploads\/2023\/12\/52-2.png 1067w\" sizes=\"auto, (max-width: 1024px) 100vw, 1024px\" \/><\/figure><\/div>\n\n<div class=\"wp-block-image\">\n<figure class=\"aligncenter size-large\"><img loading=\"lazy\" decoding=\"async\" width=\"1024\" height=\"257\" src=\"https:\/\/cdrhpnq-fnhrdcq.ca\/wp-content\/uploads\/2023\/12\/annual-reports-1024x257.png\" alt=\"\" class=\"wp-image-3175\" srcset=\"https:\/\/cdrhpnq-fnhrdcq.ca\/wp-content\/uploads\/2023\/12\/annual-reports-1024x257.png 1024w, https:\/\/cdrhpnq-fnhrdcq.ca\/wp-content\/uploads\/2023\/12\/annual-reports-300x75.png 300w, https:\/\/cdrhpnq-fnhrdcq.ca\/wp-content\/uploads\/2023\/12\/annual-reports-768x193.png 768w, https:\/\/cdrhpnq-fnhrdcq.ca\/wp-content\/uploads\/2023\/12\/annual-reports-1536x386.png 1536w, https:\/\/cdrhpnq-fnhrdcq.ca\/wp-content\/uploads\/2023\/12\/annual-reports-2000x502.png 2000w\" sizes=\"auto, (max-width: 1024px) 100vw, 1024px\" \/><\/figure><\/div>\n\n\t<div class=\"block-documents container-fluid\" id=\"block_ad407baa0bb65f0b27510bf9db1515ac\">\n\t\t\n\t\t\t\t\t<article class=\"document-card\">\n\t\t\t\t<div class=\"row\">\n\t\t\t\t\t<div class=\"col-md-14 document-card__description\">\n\t\t\t\t\t\t\t\t\t\t\t\t\t<p class=\"document-card__date\">\n\t\t\t\t\t\t\t\t23 July 2025\t\t\t\t\t\t\t<\/p>\n\t\t\t\t\t\t\t\t\t\t\t\t<p class=\"document-card__title\">\n\t\t\t\t\t\t\tAnnual Report 2023-2024\t\t\t\t\t\t<\/p>\n\n\t\t\t\t\t<\/div>\n\t\t\t\t\t<div class=\"col-md-10 document-card__file\">\n\t\t\t\t\t\t<a href=\"https:\/\/cdrhpnq-fnhrdcq.ca\/wp-content\/uploads\/2025\/07\/fnhrdcq-ann-rep_2023-2024.pdf\" title=\"Annual Report 2023-2024 (Nouvelle fen\u00eatre)\" target=\"_blank\">T\u00e9l\u00e9charger le PDF<\/a>\n\t\t\t\t\t<\/div>\n\t\t\t\t<\/div>\n\t\t\t<\/article>\n\t\t\t\t\t<article class=\"document-card\">\n\t\t\t\t<div class=\"row\">\n\t\t\t\t\t<div class=\"col-md-14 document-card__description\">\n\t\t\t\t\t\t\t\t\t\t\t\t\t<p class=\"document-card__date\">\n\t\t\t\t\t\t\t\t1 March 2024\t\t\t\t\t\t\t<\/p>\n\t\t\t\t\t\t\t\t\t\t\t\t<p class=\"document-card__title\">\n\t\t\t\t\t\t\tAnnual Report 2022-2023\t\t\t\t\t\t<\/p>\n\n\t\t\t\t\t<\/div>\n\t\t\t\t\t<div class=\"col-md-10 document-card__file\">\n\t\t\t\t\t\t<a href=\"https:\/\/cdrhpnq-fnhrdcq.ca\/wp-content\/uploads\/2025\/01\/ann_rap_en_2022-2023_fv.pdf\" title=\"Annual Report 2022-2023 (Nouvelle fen\u00eatre)\" target=\"_blank\">T\u00e9l\u00e9charger le PDF<\/a>\n\t\t\t\t\t<\/div>\n\t\t\t\t<\/div>\n\t\t\t<\/article>\n\t\t\t\t\t<article class=\"document-card\">\n\t\t\t\t<div class=\"row\">\n\t\t\t\t\t<div class=\"col-md-14 document-card__description\">\n\t\t\t\t\t\t\t\t\t\t\t\t\t<p class=\"document-card__date\">\n\t\t\t\t\t\t\t\t15 March 2023\t\t\t\t\t\t\t<\/p>\n\t\t\t\t\t\t\t\t\t\t\t\t<p class=\"document-card__title\">\n\t\t\t\t\t\t\tAnnual Report 2021-2022\t\t\t\t\t\t<\/p>\n\n\t\t\t\t\t<\/div>\n\t\t\t\t\t<div class=\"col-md-10 document-card__file\">\n\t\t\t\t\t\t<a href=\"https:\/\/cdrhpnq-fnhrdcq.ca\/wp-content\/uploads\/2024\/06\/rap_annuel_cdrhpnq_2021-2022_final_eng.pdf\" title=\"Annual Report 2021-2022 (Nouvelle fen\u00eatre)\" target=\"_blank\">T\u00e9l\u00e9charger le PDF<\/a>\n\t\t\t\t\t<\/div>\n\t\t\t\t<\/div>\n\t\t\t<\/article>\n\t\t\t\t\t<article class=\"document-card\">\n\t\t\t\t<div class=\"row\">\n\t\t\t\t\t<div class=\"col-md-14 document-card__description\">\n\t\t\t\t\t\t\t\t\t\t\t\t\t<p class=\"document-card__date\">\n\t\t\t\t\t\t\t\t1 January 2022\t\t\t\t\t\t\t<\/p>\n\t\t\t\t\t\t\t\t\t\t\t\t<p class=\"document-card__title\">\n\t\t\t\t\t\t\tAnnual Report 2020-2021\t\t\t\t\t\t<\/p>\n\n\t\t\t\t\t<\/div>\n\t\t\t\t\t<div class=\"col-md-10 document-card__file\">\n\t\t\t\t\t\t<a href=\"https:\/\/cdrhpnq-fnhrdcq.ca\/wp-content\/uploads\/2024\/06\/rapportannuel_cdrhpnq_2020-2021_eng.pdf\" title=\"Annual Report 2020-2021 (Nouvelle fen\u00eatre)\" target=\"_blank\">T\u00e9l\u00e9charger le PDF<\/a>\n\t\t\t\t\t<\/div>\n\t\t\t\t<\/div>\n\t\t\t<\/article>\n\t\t\t\t\t<article class=\"document-card\">\n\t\t\t\t<div class=\"row\">\n\t\t\t\t\t<div class=\"col-md-14 document-card__description\">\n\t\t\t\t\t\t\t\t\t\t\t\t\t<p class=\"document-card__date\">\n\t\t\t\t\t\t\t\t1 January 2021\t\t\t\t\t\t\t<\/p>\n\t\t\t\t\t\t\t\t\t\t\t\t<p class=\"document-card__title\">\n\t\t\t\t\t\t\tAnnual Report 2019-2020\t\t\t\t\t\t<\/p>\n\n\t\t\t\t\t<\/div>\n\t\t\t\t\t<div class=\"col-md-10 document-card__file\">\n\t\t\t\t\t\t<a href=\"https:\/\/cdrhpnq-fnhrdcq.ca\/wp-content\/uploads\/2024\/06\/2019-2020_annualreport_cdrhpnq_web.pdf\" title=\"Annual Report 2019-2020 (Nouvelle fen\u00eatre)\" target=\"_blank\">T\u00e9l\u00e9charger le PDF<\/a>\n\t\t\t\t\t<\/div>\n\t\t\t\t<\/div>\n\t\t\t<\/article>\n\t\t\t\t\t<article class=\"document-card\">\n\t\t\t\t<div class=\"row\">\n\t\t\t\t\t<div class=\"col-md-14 document-card__description\">\n\t\t\t\t\t\t\t\t\t\t\t\t\t<p class=\"document-card__date\">\n\t\t\t\t\t\t\t\t1 January 2020\t\t\t\t\t\t\t<\/p>\n\t\t\t\t\t\t\t\t\t\t\t\t<p class=\"document-card__title\">\n\t\t\t\t\t\t\tAnnual Report 2018-2019\t\t\t\t\t\t<\/p>\n\n\t\t\t\t\t<\/div>\n\t\t\t\t\t<div class=\"col-md-10 document-card__file\">\n\t\t\t\t\t\t<a href=\"https:\/\/cdrhpnq-fnhrdcq.ca\/wp-content\/uploads\/2024\/06\/rapport-annuel-18-19-eng-light.pdf\" title=\"Annual Report 2018-2019 (Nouvelle fen\u00eatre)\" target=\"_blank\">T\u00e9l\u00e9charger le PDF<\/a>\n\t\t\t\t\t<\/div>\n\t\t\t\t<\/div>\n\t\t\t<\/article>\n\t\t\t\t\t<article class=\"document-card\">\n\t\t\t\t<div class=\"row\">\n\t\t\t\t\t<div class=\"col-md-14 document-card__description\">\n\t\t\t\t\t\t\t\t\t\t\t\t\t<p class=\"document-card__date\">\n\t\t\t\t\t\t\t\t1 January 2019\t\t\t\t\t\t\t<\/p>\n\t\t\t\t\t\t\t\t\t\t\t\t<p class=\"document-card__title\">\n\t\t\t\t\t\t\tAnnual Report 2017-2018\t\t\t\t\t\t<\/p>\n\n\t\t\t\t\t<\/div>\n\t\t\t\t\t<div class=\"col-md-10 document-card__file\">\n\t\t\t\t\t\t<a href=\"https:\/\/cdrhpnq-fnhrdcq.ca\/wp-content\/uploads\/2024\/06\/rapport-annuel-17-18_eng_adopte_nov2018.pdf\" title=\"Annual Report 2017-2018 (Nouvelle fen\u00eatre)\" target=\"_blank\">T\u00e9l\u00e9charger le PDF<\/a>\n\t\t\t\t\t<\/div>\n\t\t\t\t<\/div>\n\t\t\t<\/article>\n\t\t\t\t\t<article class=\"document-card\">\n\t\t\t\t<div class=\"row\">\n\t\t\t\t\t<div class=\"col-md-14 document-card__description\">\n\t\t\t\t\t\t\t\t\t\t\t\t\t<p class=\"document-card__date\">\n\t\t\t\t\t\t\t\t1 January 2018\t\t\t\t\t\t\t<\/p>\n\t\t\t\t\t\t\t\t\t\t\t\t<p class=\"document-card__title\">\n\t\t\t\t\t\t\tAnnual Report 2016-2017\t\t\t\t\t\t<\/p>\n\n\t\t\t\t\t<\/div>\n\t\t\t\t\t<div class=\"col-md-10 document-card__file\">\n\t\t\t\t\t\t<a href=\"https:\/\/cdrhpnq-fnhrdcq.ca\/wp-content\/uploads\/2023\/07\/rapport-annuel-2016-2017.pdf\" title=\"Annual Report 2016-2017 (Nouvelle fen\u00eatre)\" target=\"_blank\">T\u00e9l\u00e9charger le PDF<\/a>\n\t\t\t\t\t<\/div>\n\t\t\t\t<\/div>\n\t\t\t<\/article>\n\t\t\t\t\t<article class=\"document-card\">\n\t\t\t\t<div class=\"row\">\n\t\t\t\t\t<div class=\"col-md-14 document-card__description\">\n\t\t\t\t\t\t\t\t\t\t\t\t\t<p class=\"document-card__date\">\n\t\t\t\t\t\t\t\t1 January 2017\t\t\t\t\t\t\t<\/p>\n\t\t\t\t\t\t\t\t\t\t\t\t<p class=\"document-card__title\">\n\t\t\t\t\t\t\tAnnual Report 2015-2016\t\t\t\t\t\t<\/p>\n\n\t\t\t\t\t<\/div>\n\t\t\t\t\t<div class=\"col-md-10 document-card__file\">\n\t\t\t\t\t\t<a href=\"https:\/\/cdrhpnq-fnhrdcq.ca\/wp-content\/uploads\/2023\/07\/rapport-annuel-2015-2016.pdf\" title=\"Annual Report 2015-2016 (Nouvelle fen\u00eatre)\" target=\"_blank\">T\u00e9l\u00e9charger le PDF<\/a>\n\t\t\t\t\t<\/div>\n\t\t\t\t<\/div>\n\t\t\t<\/article>\n\t\t\t\t\t<article class=\"document-card\">\n\t\t\t\t<div class=\"row\">\n\t\t\t\t\t<div class=\"col-md-14 document-card__description\">\n\t\t\t\t\t\t\t\t\t\t\t\t\t<p class=\"document-card__date\">\n\t\t\t\t\t\t\t\t1 January 2016\t\t\t\t\t\t\t<\/p>\n\t\t\t\t\t\t\t\t\t\t\t\t<p class=\"document-card__title\">\n\t\t\t\t\t\t\tAnnual Report 2014-2015\t\t\t\t\t\t<\/p>\n\n\t\t\t\t\t<\/div>\n\t\t\t\t\t<div class=\"col-md-10 document-card__file\">\n\t\t\t\t\t\t<a href=\"https:\/\/cdrhpnq-fnhrdcq.ca\/wp-content\/uploads\/2023\/07\/rapport-annuel-2014-2015.pdf\" title=\"Annual Report 2014-2015 (Nouvelle fen\u00eatre)\" target=\"_blank\">T\u00e9l\u00e9charger le PDF<\/a>\n\t\t\t\t\t<\/div>\n\t\t\t\t<\/div>\n\t\t\t<\/article>\n\t\t\n\t<\/div>\n\n\n\n<h2 class=\"wp-block-heading\" id=\"h-\"><\/h2>\n\n\n<div class=\"wp-block-image\">\n<figure class=\"aligncenter size-large is-resized\"><img loading=\"lazy\" decoding=\"async\" width=\"889\" height=\"1024\" src=\"https:\/\/cdrhpnq-fnhrdcq.ca\/wp-content\/uploads\/2023\/12\/53-2-889x1024.png\" alt=\"\" class=\"wp-image-3070\" style=\"aspect-ratio:1;width:78px;height:auto\" srcset=\"https:\/\/cdrhpnq-fnhrdcq.ca\/wp-content\/uploads\/2023\/12\/53-2-889x1024.png 889w, https:\/\/cdrhpnq-fnhrdcq.ca\/wp-content\/uploads\/2023\/12\/53-2-260x300.png 260w, https:\/\/cdrhpnq-fnhrdcq.ca\/wp-content\/uploads\/2023\/12\/53-2-768x885.png 768w, https:\/\/cdrhpnq-fnhrdcq.ca\/wp-content\/uploads\/2023\/12\/53-2.png 927w\" sizes=\"auto, (max-width: 889px) 100vw, 889px\" \/><\/figure><\/div>\n\n<div class=\"aligncenter is-style-icons wp-block-themeisle-blocks-sharing-icons\" id=\"wp-block-themeisle-blocks-sharing-icons-1c0444dc\"><div class=\"social-icons-wrap\"><a class=\"social-icon is-facebook\" aria-label=\"Share on Facebook\" href=\"https:\/\/www.facebook.com\/sharer\/sharer.php?u=https:\/\/cdrhpnq-fnhrdcq.ca\/en\/wp-json\/wp\/v2\/pages\/3171&#038;title=Annual%20Reports\" target=\"_blank\"><svg aria-hidden=\"true\" xmlns=\"http:\/\/www.w3.org\/2000\/svg\" viewBox=\"0 0 512 512\"><!--!Font Awesome Free 6.6.0 by @fontawesome - https:\/\/fontawesome.com License - https:\/\/fontawesome.com\/license\/free Copyright 2024 Fonticons, Inc.--><path d=\"M512 256C512 114.6 397.4 0 256 0S0 114.6 0 256C0 376 82.7 476.8 194.2 504.5V334.2H141.4V256h52.8V222.3c0-87.1 39.4-127.5 125-127.5c16.2 0 44.2 3.2 55.7 6.4V172c-6-.6-16.5-1-29.6-1c-42 0-58.2 15.9-58.2 57.2V256h83.6l-14.4 78.2H287V510.1C413.8 494.8 512 386.9 512 256h0z\"\/><\/svg><span class=\"v-line\"><\/span><\/a><a class=\"social-icon is-linkedin\" aria-label=\"Share on LinkedIn\" href=\"https:\/\/www.linkedin.com\/shareArticle?mini=true&#038;url=https:\/\/cdrhpnq-fnhrdcq.ca\/en\/wp-json\/wp\/v2\/pages\/3171&#038;title=Annual%20Reports\" target=\"_blank\"><svg aria-hidden=\"true\" xmlns=\"http:\/\/www.w3.org\/2000\/svg\" viewBox=\"0 0 448 512\"><!--!Font Awesome Free 6.6.0 by @fontawesome - https:\/\/fontawesome.com License - https:\/\/fontawesome.com\/license\/free Copyright 2024 Fonticons, Inc.--><path d=\"M100.3 448H7.4V148.9h92.9zM53.8 108.1C24.1 108.1 0 83.5 0 53.8a53.8 53.8 0 0 1 107.6 0c0 29.7-24.1 54.3-53.8 54.3zM447.9 448h-92.7V302.4c0-34.7-.7-79.2-48.3-79.2-48.3 0-55.7 37.7-55.7 76.7V448h-92.8V148.9h89.1v40.8h1.3c12.4-23.5 42.7-48.3 87.9-48.3 94 0 111.3 61.9 111.3 142.3V448z\"\/><\/svg><span class=\"v-line\"><\/span><\/a><a class=\"social-icon is-email\" aria-label=\"Share via Email\" href=\"mailto:?subject=Annual%20Reports&#038;body=https:\/\/cdrhpnq-fnhrdcq.ca\/en\/wp-json\/wp\/v2\/pages\/3171\" target=\"_blank\"><svg aria-hidden=\"true\" xmlns=\"http:\/\/www.w3.org\/2000\/svg\" viewBox=\"0 0 512 512\"><!--!Font Awesome Free 6.6.0 by @fontawesome - https:\/\/fontawesome.com License - https:\/\/fontawesome.com\/license\/free Copyright 2024 Fonticons, Inc.--><path d=\"M48 64C21.5 64 0 85.5 0 112c0 15.1 7.1 29.3 19.2 38.4L236.8 313.6c11.4 8.5 27 8.5 38.4 0L492.8 150.4c12.1-9.1 19.2-23.3 19.2-38.4c0-26.5-21.5-48-48-48L48 64zM0 176L0 384c0 35.3 28.7 64 64 64l384 0c35.3 0 64-28.7 64-64l0-208L294.4 339.2c-22.8 17.1-54 17.1-76.8 0L0 176z\"\/><\/svg><span class=\"v-line\"><\/span><\/a><a class=\"social-icon is-comments\" aria-label=\"Leave a comment\" href=\"#respond\"><svg aria-hidden=\"true\" xmlns=\"http:\/\/www.w3.org\/2000\/svg\" viewBox=\"0 0 640 512\"><!--!Font Awesome Free 6.6.0 by @fontawesome - https:\/\/fontawesome.com License - https:\/\/fontawesome.com\/license\/free Copyright 2024 Fonticons, Inc.--><path d=\"M88.2 309.1c9.8-18.3 6.8-40.8-7.5-55.8C59.4 230.9 48 204 48 176c0-63.5 63.8-128 160-128s160 64.5 160 128s-63.8 128-160 128c-13.1 0-25.8-1.3-37.8-3.6c-10.4-2-21.2-.6-30.7 4.2c-4.1 2.1-8.3 4.1-12.6 6c-16 7.2-32.9 13.5-49.9 18c2.8-4.6 5.4-9.1 7.9-13.6c1.1-1.9 2.2-3.9 3.2-5.9zM208 352c114.9 0 208-78.8 208-176S322.9 0 208 0S0 78.8 0 176c0 41.8 17.2 80.1 45.9 110.3c-.9 1.7-1.9 3.5-2.8 5.1c-10.3 18.4-22.3 36.5-36.6 52.1c-6.6 7-8.3 17.2-4.6 25.9C5.8 378.3 14.4 384 24 384c43 0 86.5-13.3 122.7-29.7c4.8-2.2 9.6-4.5 14.2-6.8c15.1 3 30.9 4.5 47.1 4.5zM432 480c16.2 0 31.9-1.6 47.1-4.5c4.6 2.3 9.4 4.6 14.2 6.8C529.5 498.7 573 512 616 512c9.6 0 18.2-5.7 22-14.5c3.8-8.8 2-19-4.6-25.9c-14.2-15.6-26.2-33.7-36.6-52.1c-.9-1.7-1.9-3.4-2.8-5.1C622.8 384.1 640 345.8 640 304c0-94.4-87.9-171.5-198.2-175.8c4.1 15.2 6.2 31.2 6.2 47.8l0 .6c87.2 6.7 144 67.5 144 127.4c0 28-11.4 54.9-32.7 77.2c-14.3 15-17.3 37.6-7.5 55.8c1.1 2 2.2 4 3.2 5.9c2.5 4.5 5.2 9 7.9 13.6c-17-4.5-33.9-10.7-49.9-18c-4.3-1.9-8.5-3.9-12.6-6c-9.5-4.8-20.3-6.2-30.7-4.2c-12.1 2.4-24.8 3.6-37.8 3.6c-61.7 0-110-26.5-136.8-62.3c-16 5.4-32.8 9.4-50 11.8C279 439.8 350 480 432 480z\"\/><\/svg><span class=\"v-line\"><\/span><\/a><\/div><\/div><style type=\"text\/css\">#wp-block-themeisle-blocks-sharing-icons-1c0444dc {--icons-gap: 8.8px;--border-radius: 32.8px;}<\/style>","protected":false},"excerpt":{"rendered":"","protected":false},"author":11,"featured_media":0,"parent":0,"menu_order":0,"comment_status":"closed","ping_status":"closed","template":"","meta":{"_acf_changed":false,"_themeisle_gutenberg_block_has_review":false,"footnotes":""},"class_list":["post-3171","page","type-page","status-publish","hentry"],"acf":[],"yoast_head":"<!-- This site is optimized with the Yoast SEO Premium plugin v27.1 (Yoast SEO v27.5) - https:\/\/yoast.com\/product\/yoast-seo-premium-wordpress\/ -->\n<title>Nos rapports sur le d\u00e9veloppement des RH - CDRHPNQ<\/title>\n<meta name=\"description\" content=\"Acc\u00e9dez \u00e0 nos rapports sur le d\u00e9veloppement des ressources humaines des Premi\u00e8res Nations du Qu\u00e9bec.\" \/>\n<meta name=\"robots\" content=\"index, follow, max-snippet:-1, max-image-preview:large, max-video-preview:-1\" \/>\n<link rel=\"canonical\" href=\"https:\/\/cdrhpnq-fnhrdcq.ca\/en\/rapports\/\" \/>\n<meta property=\"og:locale\" content=\"en_US\" \/>\n<meta property=\"og:type\" content=\"article\" \/>\n<meta property=\"og:title\" content=\"Annual Reports\" \/>\n<meta property=\"og:description\" content=\"Acc\u00e9dez \u00e0 nos rapports sur le d\u00e9veloppement des ressources humaines des Premi\u00e8res Nations du Qu\u00e9bec.\" \/>\n<meta property=\"og:url\" content=\"https:\/\/cdrhpnq-fnhrdcq.ca\/en\/rapports\/\" \/>\n<meta property=\"og:site_name\" content=\"CDRHPNQ\" \/>\n<meta property=\"article:publisher\" content=\"https:\/\/www.facebook.com\/cdrhpnqfnhrdcq\" \/>\n<meta property=\"article:modified_time\" content=\"2025-07-23T16:08:13+00:00\" \/>\n<meta property=\"og:image\" content=\"https:\/\/cdrhpnq-fnhrdcq.ca\/wp-content\/uploads\/2023\/12\/52-2.png\" \/>\n\t<meta property=\"og:image:width\" content=\"1067\" \/>\n\t<meta property=\"og:image:height\" content=\"680\" \/>\n\t<meta property=\"og:image:type\" content=\"image\/png\" \/>\n<meta name=\"twitter:card\" content=\"summary_large_image\" \/>\n<meta name=\"twitter:label1\" content=\"Est. reading time\" \/>\n\t<meta name=\"twitter:data1\" content=\"1 minute\" \/>\n<!-- \/ Yoast SEO Premium plugin. -->","yoast_head_json":{"title":"Nos rapports sur le d\u00e9veloppement des RH - CDRHPNQ","description":"Acc\u00e9dez \u00e0 nos rapports sur le d\u00e9veloppement des ressources humaines des Premi\u00e8res Nations du Qu\u00e9bec.","robots":{"index":"index","follow":"follow","max-snippet":"max-snippet:-1","max-image-preview":"max-image-preview:large","max-video-preview":"max-video-preview:-1"},"canonical":"https:\/\/cdrhpnq-fnhrdcq.ca\/en\/rapports\/","og_locale":"en_US","og_type":"article","og_title":"Annual Reports","og_description":"Acc\u00e9dez \u00e0 nos rapports sur le d\u00e9veloppement des ressources humaines des Premi\u00e8res Nations du Qu\u00e9bec.","og_url":"https:\/\/cdrhpnq-fnhrdcq.ca\/en\/rapports\/","og_site_name":"CDRHPNQ","article_publisher":"https:\/\/www.facebook.com\/cdrhpnqfnhrdcq","article_modified_time":"2025-07-23T16:08:13+00:00","og_image":[{"width":1067,"height":680,"url":"https:\/\/cdrhpnq-fnhrdcq.ca\/wp-content\/uploads\/2023\/12\/52-2.png","type":"image\/png"}],"twitter_card":"summary_large_image","twitter_misc":{"Est. reading time":"1 minute"},"schema":{"@context":"https:\/\/schema.org","@graph":[{"@type":"WebPage","@id":"https:\/\/cdrhpnq-fnhrdcq.ca\/en\/rapports\/","url":"https:\/\/cdrhpnq-fnhrdcq.ca\/en\/rapports\/","name":"Nos rapports sur le d\u00e9veloppement des RH - CDRHPNQ","isPartOf":{"@id":"https:\/\/cdrhpnq-fnhrdcq.ca\/#website"},"primaryImageOfPage":{"@id":"https:\/\/cdrhpnq-fnhrdcq.ca\/en\/rapports\/#primaryimage"},"image":{"@id":"https:\/\/cdrhpnq-fnhrdcq.ca\/en\/rapports\/#primaryimage"},"thumbnailUrl":"https:\/\/cdrhpnq-fnhrdcq.ca\/wp-content\/uploads\/2023\/12\/52-2-1024x653.png","datePublished":"2023-04-06T18:53:46+00:00","dateModified":"2025-07-23T16:08:13+00:00","description":"Acc\u00e9dez \u00e0 nos rapports sur le d\u00e9veloppement des ressources humaines des Premi\u00e8res Nations du Qu\u00e9bec.","breadcrumb":{"@id":"https:\/\/cdrhpnq-fnhrdcq.ca\/en\/rapports\/#breadcrumb"},"inLanguage":"en-US","potentialAction":[{"@type":"ReadAction","target":["https:\/\/cdrhpnq-fnhrdcq.ca\/en\/rapports\/"]}]},{"@type":"ImageObject","inLanguage":"en-US","@id":"https:\/\/cdrhpnq-fnhrdcq.ca\/en\/rapports\/#primaryimage","url":"https:\/\/cdrhpnq-fnhrdcq.ca\/wp-content\/uploads\/2023\/12\/52-2-1024x653.png","contentUrl":"https:\/\/cdrhpnq-fnhrdcq.ca\/wp-content\/uploads\/2023\/12\/52-2-1024x653.png"},{"@type":"BreadcrumbList","@id":"https:\/\/cdrhpnq-fnhrdcq.ca\/en\/rapports\/#breadcrumb","itemListElement":[{"@type":"ListItem","position":1,"name":"Accueil","item":"https:\/\/cdrhpnq-fnhrdcq.ca\/en\/"},{"@type":"ListItem","position":2,"name":"Annual Reports"}]},{"@type":"WebSite","@id":"https:\/\/cdrhpnq-fnhrdcq.ca\/#website","url":"https:\/\/cdrhpnq-fnhrdcq.ca\/","name":"CDRHPNQ-FNRHPNQ","description":"","publisher":{"@id":"https:\/\/cdrhpnq-fnhrdcq.ca\/#organization"},"potentialAction":[{"@type":"SearchAction","target":{"@type":"EntryPoint","urlTemplate":"https:\/\/cdrhpnq-fnhrdcq.ca\/?s={search_term_string}"},"query-input":{"@type":"PropertyValueSpecification","valueRequired":true,"valueName":"search_term_string"}}],"inLanguage":"en-US"},{"@type":"Organization","@id":"https:\/\/cdrhpnq-fnhrdcq.ca\/#organization","name":"CDRHPNQ-FNRHPNQ","url":"https:\/\/cdrhpnq-fnhrdcq.ca\/","logo":{"@type":"ImageObject","inLanguage":"en-US","@id":"https:\/\/cdrhpnq-fnhrdcq.ca\/#\/schema\/logo\/image\/","url":"https:\/\/cdrhpnq-fnhrdcq.ca\/wp-content\/uploads\/2023\/04\/og_cdrhpnq.jpg","contentUrl":"https:\/\/cdrhpnq-fnhrdcq.ca\/wp-content\/uploads\/2023\/04\/og_cdrhpnq.jpg","width":1200,"height":630,"caption":"CDRHPNQ-FNRHPNQ"},"image":{"@id":"https:\/\/cdrhpnq-fnhrdcq.ca\/#\/schema\/logo\/image\/"},"sameAs":["https:\/\/www.facebook.com\/cdrhpnqfnhrdcq"]}]}},"_links":{"self":[{"href":"https:\/\/cdrhpnq-fnhrdcq.ca\/en\/wp-json\/wp\/v2\/pages\/3171","targetHints":{"allow":["GET"]}}],"collection":[{"href":"https:\/\/cdrhpnq-fnhrdcq.ca\/en\/wp-json\/wp\/v2\/pages"}],"about":[{"href":"https:\/\/cdrhpnq-fnhrdcq.ca\/en\/wp-json\/wp\/v2\/types\/page"}],"author":[{"embeddable":true,"href":"https:\/\/cdrhpnq-fnhrdcq.ca\/en\/wp-json\/wp\/v2\/users\/11"}],"replies":[{"embeddable":true,"href":"https:\/\/cdrhpnq-fnhrdcq.ca\/en\/wp-json\/wp\/v2\/comments?post=3171"}],"version-history":[{"count":1,"href":"https:\/\/cdrhpnq-fnhrdcq.ca\/en\/wp-json\/wp\/v2\/pages\/3171\/revisions"}],"predecessor-version":[{"id":20279,"href":"https:\/\/cdrhpnq-fnhrdcq.ca\/en\/wp-json\/wp\/v2\/pages\/3171\/revisions\/20279"}],"wp:attachment":[{"href":"https:\/\/cdrhpnq-fnhrdcq.ca\/en\/wp-json\/wp\/v2\/media?parent=3171"}],"curies":[{"name":"wp","href":"https:\/\/api.w.org\/{rel}","templated":true}]}}