{"id":1079,"date":"2023-05-10T15:15:00","date_gmt":"2023-05-10T19:15:00","guid":{"rendered":"https:\/\/cdrhpnq-fnhrdcq.ca\/?page_id=1079"},"modified":"2023-07-11T14:31:08","modified_gmt":"2023-07-11T18:31:08","slug":"first-nation-guide","status":"publish","type":"page","link":"https:\/\/cdrhpnq-fnhrdcq.ca\/en\/first-nation-guide\/","title":{"rendered":"Reference Guide"},"content":{"rendered":"\n<h2 class=\"has-text-align-left has-x-large-font-size wp-block-heading\" id=\"h-guide-for-the-integration-and-retention-of-first-nations-in-employment\"><strong><a href=\"https:\/\/cdrhpnq-fnhrdcq.ca\/en\/the-commissions-chronicles\/\" target=\"_blank\" rel=\"noreferrer noopener\">Guide<\/a> for the Integration and Retention of First Nations in Employment<\/strong><\/h2>\n\n\n\n<div class=\"wp-block-columns is-layout-flex wp-container-core-columns-is-layout-9d6595d7 wp-block-columns-is-layout-flex\">\n<div class=\"wp-block-column is-layout-flow wp-block-column-is-layout-flow\" style=\"flex-basis:66.66%\">\n<p>A groundbreaking work by the First Nations Human Resources Development Commission of Quebec (FNHRDCQ). This unique guide, designed with a range of partners, fills the information gap on the attraction and retention of Indigenous labour and clarifies the issues of access to the labour market for First Nations and Inuit.<\/p>\n<\/div>\n\n\n\n<div class=\"wp-block-column is-layout-flow wp-block-column-is-layout-flow\" style=\"flex-basis:33.33%\"><\/div>\n<\/div>\n\n\n\n<p class=\"has-large-font-size\"><em><strong>Faced with a constantly evolving job market<\/strong><\/em><\/p>\n\n\n\n<div class=\"wp-block-columns is-layout-flex wp-container-core-columns-is-layout-9d6595d7 wp-block-columns-is-layout-flex\">\n<div class=\"wp-block-column is-layout-flow wp-block-column-is-layout-flow\" style=\"flex-basis:66.66%\">\n<p>This guide offers sustainable and flexible solutions, including a six-step Integration and Retention Strategy that can be adapted to various settings. The new edition includes innovative practices to foster Indigenous awareness, promote cultural safety in the workplace, and provide concrete action steps for the full participation of the Indigenous workforce.<\/p>\n<\/div>\n\n\n\n<div class=\"wp-block-column is-layout-flow wp-block-column-is-layout-flow\" style=\"flex-basis:33.33%\"><\/div>\n<\/div>\n\n\n\n<p class=\"has-large-font-size\"><strong><em>This is more than a guide<\/em><\/strong><\/p>\n\n\n\n<div class=\"wp-block-columns is-layout-flex wp-container-core-columns-is-layout-9d6595d7 wp-block-columns-is-layout-flex\">\n<div class=\"wp-block-column is-layout-flow wp-block-column-is-layout-flow\" style=\"flex-basis:66.66%\">\n<p>It is an invitation to build bridges between labour market players, to tap into the vibrant networks of First Nations and Inuit and non-Indigenous people, and to support the department&#8217;s employment integration strategy. Join the movement of businesses and organizations that proudly hire Indigenous people and discover how you can make a difference.<\/p>\n<\/div>\n\n\n\n<div class=\"wp-block-column is-layout-flow wp-block-column-is-layout-flow\" style=\"flex-basis:33.33%\"><\/div>\n<\/div>\n\n\n\n<p><\/p>\n\n\n<div class=\"wp-block-image is-style-default\">\n<figure class=\"alignleft size-full is-resized\"><a href=\"https:\/\/cdrhpnq-fnhrdcq.ca\/en\/contactez-nous\/\"><img loading=\"lazy\" decoding=\"async\" src=\"https:\/\/cdrhpnq-fnhrdcq.ca\/wp-content\/uploads\/2023\/05\/yflo3oucfijkmio06sow-1-his0s.jpg\" alt=\"Guide pour l'int\u00e9gration et le maintien en emploi des Premi\u00e8res Nations. Un travail r\u00e9volutionnaire de la Commission de d\u00e9veloppement des ressources humaines des Premi\u00e8res Nations du Qu\u00e9bec (CDRHPNQ). Ce guide unique, con\u00e7u avec un \u00e9ventail de partenaires, comble le vide informationnel sur l'attraction et la r\u00e9tention de la main-d\u2019\u0153uvre autochtone et clarifie les enjeux d'acc\u00e8s au march\u00e9 du travail pour les Premi\u00e8res Nations et Inuits.\" class=\"wp-image-1034\" width=\"839\" height=\"458\" srcset=\"https:\/\/cdrhpnq-fnhrdcq.ca\/wp-content\/uploads\/2023\/05\/yflo3oucfijkmio06sow-1-his0s.jpg 704w, https:\/\/cdrhpnq-fnhrdcq.ca\/wp-content\/uploads\/2023\/05\/yflo3oucfijkmio06sow-1-his0s-300x164.jpg 300w\" sizes=\"auto, (max-width: 839px) 100vw, 839px\" \/><\/a><figcaption class=\"wp-element-caption\">Guide for the Integration and Retention of First Nations in Employment<\/figcaption><\/figure><\/div>\n\n\n<div style=\"height:7px\" aria-hidden=\"true\" class=\"wp-block-spacer\"><\/div>\n\n\n\t<div class=\"block-documents container-fluid\" id=\"block_acbf0ceaf5d83d5edb9750435682584e\">\n\t\t\t\t\t<h2>Reference Guide<\/h2>\n\t\t\n\t\t\t\t\t<article class=\"document-card\">\n\t\t\t\t<div class=\"row\">\n\t\t\t\t\t<div class=\"col-md-14 document-card__description\">\n\t\t\t\t\t\t\t\t\t\t\t\t\t<p class=\"document-card__date\">\n\t\t\t\t\t\t\t\t10 May 2023\t\t\t\t\t\t\t<\/p>\n\t\t\t\t\t\t\t\t\t\t\t\t<p class=\"document-card__title\">\n\t\t\t\t\t\t\tGuide for the Integration and Retention of First Nations in Employment (ENG)\t\t\t\t\t\t<\/p>\n\n\t\t\t\t\t<\/div>\n\t\t\t\t\t<div class=\"col-md-10 document-card__file\">\n\t\t\t\t\t\t<a href=\"https:\/\/cdrhpnq-fnhrdcq.ca\/wp-content\/uploads\/2023\/07\/guide_imepn_2e_ed_web_eng_final_juillet_2023.pdf\" title=\"Guide for the Integration and Retention of First Nations in Employment (ENG) (Nouvelle fen\u00eatre)\" target=\"_blank\">T\u00e9l\u00e9charger le PDF<\/a>\n\t\t\t\t\t<\/div>\n\t\t\t\t<\/div>\n\t\t\t<\/article>\n\t\t\n\t<\/div>\n","protected":false},"excerpt":{"rendered":"<p>Guide for the Integration and Retention of First Nations in Employment A groundbreaking work by the First Nations Human Resources Development Commission of Quebec (FNHRDCQ). This unique guide, designed with a range of partners, fills the information gap on the attraction and retention of Indigenous labour and clarifies the issues of access to the labour [&hellip;]<\/p>\n","protected":false},"author":11,"featured_media":1035,"parent":0,"menu_order":0,"comment_status":"closed","ping_status":"closed","template":"","meta":{"_acf_changed":false,"_themeisle_gutenberg_block_has_review":false,"footnotes":""},"class_list":["post-1079","page","type-page","status-publish","has-post-thumbnail","hentry"],"acf":[],"yoast_head":"<!-- This site is optimized with the Yoast SEO Premium plugin v27.1 (Yoast SEO v27.5) - https:\/\/yoast.com\/product\/yoast-seo-premium-wordpress\/ -->\n<title>First Nations : Guide First Nations in Employment<\/title>\n<meta name=\"description\" content=\"A groundbreaking work by the First Nations Human Resources Development Commission of Quebec (FNHRDCQ).\" \/>\n<meta name=\"robots\" content=\"index, follow, max-snippet:-1, max-image-preview:large, max-video-preview:-1\" \/>\n<link rel=\"canonical\" href=\"https:\/\/cdrhpnq-fnhrdcq.ca\/en\/first-nation-guide\/\" \/>\n<meta property=\"og:locale\" content=\"en_US\" \/>\n<meta property=\"og:type\" content=\"article\" \/>\n<meta property=\"og:title\" content=\"Reference Guide\" \/>\n<meta property=\"og:description\" content=\"A groundbreaking work by the First Nations Human Resources Development Commission of Quebec (FNHRDCQ).\" \/>\n<meta property=\"og:url\" content=\"https:\/\/cdrhpnq-fnhrdcq.ca\/en\/first-nation-guide\/\" \/>\n<meta property=\"og:site_name\" content=\"CDRHPNQ\" \/>\n<meta property=\"article:publisher\" content=\"https:\/\/www.facebook.com\/cdrhpnqfnhrdcq\" \/>\n<meta property=\"article:modified_time\" content=\"2023-07-11T18:31:08+00:00\" \/>\n<meta property=\"og:image\" content=\"https:\/\/cdrhpnq-fnhrdcq.ca\/wp-content\/uploads\/2023\/05\/yflo3oucfijkmio06sow-1-his0s.jpg\" \/>\n\t<meta property=\"og:image:width\" content=\"704\" \/>\n\t<meta property=\"og:image:height\" content=\"384\" \/>\n\t<meta property=\"og:image:type\" content=\"image\/jpeg\" \/>\n<meta name=\"twitter:card\" content=\"summary_large_image\" \/>\n<meta name=\"twitter:label1\" content=\"Est. reading time\" \/>\n\t<meta name=\"twitter:data1\" content=\"2 minutes\" \/>\n<!-- \/ Yoast SEO Premium plugin. -->","yoast_head_json":{"title":"First Nations : Guide First Nations in Employment","description":"A groundbreaking work by the First Nations Human Resources Development Commission of Quebec (FNHRDCQ).","robots":{"index":"index","follow":"follow","max-snippet":"max-snippet:-1","max-image-preview":"max-image-preview:large","max-video-preview":"max-video-preview:-1"},"canonical":"https:\/\/cdrhpnq-fnhrdcq.ca\/en\/first-nation-guide\/","og_locale":"en_US","og_type":"article","og_title":"Reference Guide","og_description":"A groundbreaking work by the First Nations Human Resources Development Commission of Quebec (FNHRDCQ).","og_url":"https:\/\/cdrhpnq-fnhrdcq.ca\/en\/first-nation-guide\/","og_site_name":"CDRHPNQ","article_publisher":"https:\/\/www.facebook.com\/cdrhpnqfnhrdcq","article_modified_time":"2023-07-11T18:31:08+00:00","og_image":[{"width":704,"height":384,"url":"https:\/\/cdrhpnq-fnhrdcq.ca\/wp-content\/uploads\/2023\/05\/yflo3oucfijkmio06sow-1-his0s.jpg","type":"image\/jpeg"}],"twitter_card":"summary_large_image","twitter_misc":{"Est. reading time":"2 minutes"},"schema":{"@context":"https:\/\/schema.org","@graph":[{"@type":"WebPage","@id":"https:\/\/cdrhpnq-fnhrdcq.ca\/en\/first-nation-guide\/","url":"https:\/\/cdrhpnq-fnhrdcq.ca\/en\/first-nation-guide\/","name":"First Nations : Guide First Nations in Employment","isPartOf":{"@id":"https:\/\/cdrhpnq-fnhrdcq.ca\/#website"},"primaryImageOfPage":{"@id":"https:\/\/cdrhpnq-fnhrdcq.ca\/en\/first-nation-guide\/#primaryimage"},"image":{"@id":"https:\/\/cdrhpnq-fnhrdcq.ca\/en\/first-nation-guide\/#primaryimage"},"thumbnailUrl":"https:\/\/cdrhpnq-fnhrdcq.ca\/wp-content\/uploads\/2023\/05\/yflo3oucfijkmio06sow-1-his0s.jpg","datePublished":"2023-05-10T19:15:00+00:00","dateModified":"2023-07-11T18:31:08+00:00","description":"A groundbreaking work by the First Nations Human Resources Development Commission of Quebec (FNHRDCQ).","breadcrumb":{"@id":"https:\/\/cdrhpnq-fnhrdcq.ca\/en\/first-nation-guide\/#breadcrumb"},"inLanguage":"en-US","potentialAction":[{"@type":"ReadAction","target":["https:\/\/cdrhpnq-fnhrdcq.ca\/en\/first-nation-guide\/"]}]},{"@type":"ImageObject","inLanguage":"en-US","@id":"https:\/\/cdrhpnq-fnhrdcq.ca\/en\/first-nation-guide\/#primaryimage","url":"https:\/\/cdrhpnq-fnhrdcq.ca\/wp-content\/uploads\/2023\/05\/yflo3oucfijkmio06sow-1-his0s.jpg","contentUrl":"https:\/\/cdrhpnq-fnhrdcq.ca\/wp-content\/uploads\/2023\/05\/yflo3oucfijkmio06sow-1-his0s.jpg","width":704,"height":384},{"@type":"BreadcrumbList","@id":"https:\/\/cdrhpnq-fnhrdcq.ca\/en\/first-nation-guide\/#breadcrumb","itemListElement":[{"@type":"ListItem","position":1,"name":"Accueil","item":"https:\/\/cdrhpnq-fnhrdcq.ca\/en\/"},{"@type":"ListItem","position":2,"name":"Reference Guide"}]},{"@type":"WebSite","@id":"https:\/\/cdrhpnq-fnhrdcq.ca\/#website","url":"https:\/\/cdrhpnq-fnhrdcq.ca\/","name":"CDRHPNQ-FNRHPNQ","description":"","publisher":{"@id":"https:\/\/cdrhpnq-fnhrdcq.ca\/#organization"},"potentialAction":[{"@type":"SearchAction","target":{"@type":"EntryPoint","urlTemplate":"https:\/\/cdrhpnq-fnhrdcq.ca\/?s={search_term_string}"},"query-input":{"@type":"PropertyValueSpecification","valueRequired":true,"valueName":"search_term_string"}}],"inLanguage":"en-US"},{"@type":"Organization","@id":"https:\/\/cdrhpnq-fnhrdcq.ca\/#organization","name":"CDRHPNQ-FNRHPNQ","url":"https:\/\/cdrhpnq-fnhrdcq.ca\/","logo":{"@type":"ImageObject","inLanguage":"en-US","@id":"https:\/\/cdrhpnq-fnhrdcq.ca\/#\/schema\/logo\/image\/","url":"https:\/\/cdrhpnq-fnhrdcq.ca\/wp-content\/uploads\/2023\/04\/og_cdrhpnq.jpg","contentUrl":"https:\/\/cdrhpnq-fnhrdcq.ca\/wp-content\/uploads\/2023\/04\/og_cdrhpnq.jpg","width":1200,"height":630,"caption":"CDRHPNQ-FNRHPNQ"},"image":{"@id":"https:\/\/cdrhpnq-fnhrdcq.ca\/#\/schema\/logo\/image\/"},"sameAs":["https:\/\/www.facebook.com\/cdrhpnqfnhrdcq"]}]}},"_links":{"self":[{"href":"https:\/\/cdrhpnq-fnhrdcq.ca\/en\/wp-json\/wp\/v2\/pages\/1079","targetHints":{"allow":["GET"]}}],"collection":[{"href":"https:\/\/cdrhpnq-fnhrdcq.ca\/en\/wp-json\/wp\/v2\/pages"}],"about":[{"href":"https:\/\/cdrhpnq-fnhrdcq.ca\/en\/wp-json\/wp\/v2\/types\/page"}],"author":[{"embeddable":true,"href":"https:\/\/cdrhpnq-fnhrdcq.ca\/en\/wp-json\/wp\/v2\/users\/11"}],"replies":[{"embeddable":true,"href":"https:\/\/cdrhpnq-fnhrdcq.ca\/en\/wp-json\/wp\/v2\/comments?post=1079"}],"version-history":[{"count":2,"href":"https:\/\/cdrhpnq-fnhrdcq.ca\/en\/wp-json\/wp\/v2\/pages\/1079\/revisions"}],"predecessor-version":[{"id":2201,"href":"https:\/\/cdrhpnq-fnhrdcq.ca\/en\/wp-json\/wp\/v2\/pages\/1079\/revisions\/2201"}],"wp:featuredmedia":[{"embeddable":true,"href":"https:\/\/cdrhpnq-fnhrdcq.ca\/en\/wp-json\/wp\/v2\/media\/1035"}],"wp:attachment":[{"href":"https:\/\/cdrhpnq-fnhrdcq.ca\/en\/wp-json\/wp\/v2\/media?parent=1079"}],"curies":[{"name":"wp","href":"https:\/\/api.w.org\/{rel}","templated":true}]}}